{"id":16,"date":"2025-03-25T08:29:57","date_gmt":"2025-03-25T08:29:57","guid":{"rendered":"https:\/\/adconsolutions.ca\/?page_id=16"},"modified":"2025-03-27T15:53:44","modified_gmt":"2025-03-27T15:53:44","slug":"a-propos","status":"publish","type":"page","link":"https:\/\/adconsolutions.ca\/en\/a-propos\/","title":{"rendered":"About Us"},"content":{"rendered":"<div data-elementor-type=\"wp-page\" data-elementor-id=\"16\" class=\"elementor elementor-16\" data-elementor-post-type=\"page\">\n\t\t\t\t<div class=\"elementor-element elementor-element-6d2ff59 e-flex e-con-boxed e-con e-parent\" data-id=\"6d2ff59\" data-element_type=\"container\" data-settings=\"{&quot;background_background&quot;:&quot;classic&quot;}\">\n\t\t\t\t\t<div class=\"e-con-inner\">\n\t\t\t\t<div class=\"elementor-element elementor-element-8e9cdc0 elementor-widget elementor-widget-text-editor\" data-id=\"8e9cdc0\" data-element_type=\"widget\" data-widget_type=\"text-editor.default\">\n\t\t\t\t<div class=\"elementor-widget-container\">\n\t\t\t\t\t\t\t\t\t<p><span class=\"OYPEnA font-feature-liga-off font-feature-clig-off font-feature-calt-off text-decoration-none text-strikethrough-none\">About Us<\/span><\/p>\t\t\t\t\t\t\t\t<\/div>\n\t\t\t\t<\/div>\n\t\t\t\t<div class=\"elementor-element elementor-element-94b57b9 elementor-widget elementor-widget-heading\" data-id=\"94b57b9\" data-element_type=\"widget\" data-widget_type=\"heading.default\">\n\t\t\t\t<div class=\"elementor-widget-container\">\n\t\t\t\t\t<h2 class=\"elementor-heading-title elementor-size-default translation-block\">Sylvia Bombardier \u2013 Your Trusted Partner<\/h2>\t\t\t\t<\/div>\n\t\t\t\t<\/div>\n\t\t\t\t\t<\/div>\n\t\t\t\t<\/div>\n\t\t<div class=\"elementor-element elementor-element-989d071 e-flex e-con-boxed e-con e-parent\" data-id=\"989d071\" data-element_type=\"container\" data-settings=\"{&quot;background_background&quot;:&quot;classic&quot;}\">\n\t\t\t\t\t<div class=\"e-con-inner\">\n\t\t<div class=\"elementor-element elementor-element-6297c59 e-con-full e-flex e-con e-child\" data-id=\"6297c59\" data-element_type=\"container\">\n\t\t\t\t<div class=\"elementor-element elementor-element-2ef667e elementor-widget-mobile__width-initial elementor-widget elementor-widget-text-editor\" data-id=\"2ef667e\" data-element_type=\"widget\" data-widget_type=\"text-editor.default\">\n\t\t\t\t<div class=\"elementor-widget-container\">\n\t\t\t\t\t\t\t\t\t<p><span class=\"OYPEnA font-feature-liga-off font-feature-clig-off font-feature-calt-off text-decoration-none text-strikethrough-none\">With over 25 years' experience in administration, I'm more than just a growth partner\u2014I'm here to help you achieve your ambitions. My goal is simple: to give you the peace of mind that your business is progressing and reaching its full potential. Every task I complete for my clients is another step toward their success, and that\u2019s what drives me every day.<\/span><\/p>\t\t\t\t\t\t\t\t<\/div>\n\t\t\t\t<\/div>\n\t\t\t\t<\/div>\n\t\t\t\t<div class=\"elementor-element elementor-element-1e58aa9 elementor-widget elementor-widget-image\" data-id=\"1e58aa9\" data-element_type=\"widget\" data-widget_type=\"image.default\">\n\t\t\t\t<div class=\"elementor-widget-container\">\n\t\t\t\t\t\t\t\t\t\t\t\t\t\t\t<img fetchpriority=\"high\" decoding=\"async\" width=\"768\" height=\"768\" src=\"https:\/\/adconsolutions.ca\/wp-content\/uploads\/2025\/03\/IMG-ABOUT-768x768.jpeg\" class=\"attachment-medium_large size-medium_large wp-image-729\" alt=\"\" srcset=\"https:\/\/adconsolutions.ca\/wp-content\/uploads\/2025\/03\/IMG-ABOUT-768x768.jpeg 768w, https:\/\/adconsolutions.ca\/wp-content\/uploads\/2025\/03\/IMG-ABOUT-300x300.jpeg 300w, https:\/\/adconsolutions.ca\/wp-content\/uploads\/2025\/03\/IMG-ABOUT-150x150.jpeg 150w, https:\/\/adconsolutions.ca\/wp-content\/uploads\/2025\/03\/IMG-ABOUT-700x700.jpeg 700w, https:\/\/adconsolutions.ca\/wp-content\/uploads\/2025\/03\/IMG-ABOUT.jpeg 1000w\" sizes=\"(max-width: 768px) 100vw, 768px\" \/>\t\t\t\t\t\t\t\t\t\t\t\t\t\t\t<\/div>\n\t\t\t\t<\/div>\n\t\t\t\t\t<\/div>\n\t\t\t\t<\/div>\n\t\t<div class=\"elementor-element elementor-element-08c3c24 e-flex e-con-boxed e-con e-parent\" data-id=\"08c3c24\" data-element_type=\"container\" data-settings=\"{&quot;background_background&quot;:&quot;classic&quot;}\">\n\t\t\t\t\t<div class=\"e-con-inner\">\n\t\t<div class=\"elementor-element elementor-element-a8e2d8c e-con-full e-flex e-con e-child\" data-id=\"a8e2d8c\" data-element_type=\"container\">\n\t\t\t\t<div class=\"elementor-element elementor-element-bcf3543 elementor-widget-mobile__width-inherit elementor-widget elementor-widget-text-editor\" data-id=\"bcf3543\" data-element_type=\"widget\" data-widget_type=\"text-editor.default\">\n\t\t\t\t<div class=\"elementor-widget-container\">\n\t\t\t\t\t\t\t\t\t<p><span class=\"OYPEnA font-feature-liga-off font-feature-clig-off font-feature-calt-off text-decoration-none text-strikethrough-none\">While I studied business administration, my true expertise comes from firsthand experience as a business owner. There\u2019s no better training than navigating the real challenges and achievements of running a company. This understanding allows me to genuinely guide you toward success\u2014after all, 'You have to live it to understand it.<\/span><\/p>\t\t\t\t\t\t\t\t<\/div>\n\t\t\t\t<\/div>\n\t\t\t\t<\/div>\n\t\t\t\t<div class=\"elementor-element elementor-element-34832c4 elementor-widget elementor-widget-image\" data-id=\"34832c4\" data-element_type=\"widget\" data-widget_type=\"image.default\">\n\t\t\t\t<div class=\"elementor-widget-container\">\n\t\t\t\t\t\t\t\t\t\t\t\t\t\t\t<img decoding=\"async\" width=\"768\" height=\"768\" src=\"https:\/\/adconsolutions.ca\/wp-content\/uploads\/2025\/03\/2-768x768.jpg\" class=\"attachment-medium_large size-medium_large wp-image-50\" alt=\"\" srcset=\"https:\/\/adconsolutions.ca\/wp-content\/uploads\/2025\/03\/2-768x768.jpg 768w, https:\/\/adconsolutions.ca\/wp-content\/uploads\/2025\/03\/2-300x300.jpg 300w, https:\/\/adconsolutions.ca\/wp-content\/uploads\/2025\/03\/2-150x150.jpg 150w, https:\/\/adconsolutions.ca\/wp-content\/uploads\/2025\/03\/2-700x700.jpg 700w, https:\/\/adconsolutions.ca\/wp-content\/uploads\/2025\/03\/2.jpg 1000w\" sizes=\"(max-width: 768px) 100vw, 768px\" \/>\t\t\t\t\t\t\t\t\t\t\t\t\t\t\t<\/div>\n\t\t\t\t<\/div>\n\t\t\t\t\t<\/div>\n\t\t\t\t<\/div>\n\t\t<div class=\"elementor-element elementor-element-c6876e4 e-flex e-con-boxed e-con e-parent\" data-id=\"c6876e4\" data-element_type=\"container\" data-settings=\"{&quot;background_background&quot;:&quot;classic&quot;}\">\n\t\t\t\t\t<div class=\"e-con-inner\">\n\t\t<div class=\"elementor-element elementor-element-f79653c e-con-full e-flex e-con e-child\" data-id=\"f79653c\" data-element_type=\"container\">\n\t\t\t\t<div class=\"elementor-element elementor-element-bb20651 elementor-widget-mobile__width-inherit elementor-widget elementor-widget-text-editor\" data-id=\"bb20651\" data-element_type=\"widget\" data-widget_type=\"text-editor.default\">\n\t\t\t\t<div class=\"elementor-widget-container\">\n\t\t\t\t\t\t\t\t\t<p><span class=\"OYPEnA font-feature-liga-off font-feature-clig-off font-feature-calt-off text-decoration-none text-strikethrough-none\">Let me handle the administrative tasks that slow you down so you can focus on growing your business.<\/span><\/p>\t\t\t\t\t\t\t\t<\/div>\n\t\t\t\t<\/div>\n\t\t\t\t<div class=\"elementor-element elementor-element-c201bae elementor-widget elementor-widget-button\" data-id=\"c201bae\" data-element_type=\"widget\" data-widget_type=\"button.default\">\n\t\t\t\t<div class=\"elementor-widget-container\">\n\t\t\t\t\t\t\t\t\t<div class=\"elementor-button-wrapper\">\n\t\t\t\t\t<a class=\"elementor-button elementor-button-link elementor-size-sm\" href=\"https:\/\/adconsolutions.ca\/en\/contact\/\">\n\t\t\t\t\t\t<span class=\"elementor-button-content-wrapper\">\n\t\t\t\t\t\t\t\t\t<span class=\"elementor-button-text\">Contact us<\/span>\n\t\t\t\t\t<\/span>\n\t\t\t\t\t<\/a>\n\t\t\t\t<\/div>\n\t\t\t\t\t\t\t\t<\/div>\n\t\t\t\t<\/div>\n\t\t\t\t<\/div>\n\t\t\t\t<div class=\"elementor-element elementor-element-0dd77c8 elementor-widget elementor-widget-image\" data-id=\"0dd77c8\" data-element_type=\"widget\" data-widget_type=\"image.default\">\n\t\t\t\t<div class=\"elementor-widget-container\">\n\t\t\t\t\t\t\t\t\t\t\t\t\t\t\t<img decoding=\"async\" width=\"768\" height=\"768\" src=\"https:\/\/adconsolutions.ca\/wp-content\/uploads\/2025\/03\/3-768x768.jpg\" class=\"attachment-medium_large size-medium_large wp-image-65\" alt=\"\" srcset=\"https:\/\/adconsolutions.ca\/wp-content\/uploads\/2025\/03\/3-768x768.jpg 768w, https:\/\/adconsolutions.ca\/wp-content\/uploads\/2025\/03\/3-300x300.jpg 300w, https:\/\/adconsolutions.ca\/wp-content\/uploads\/2025\/03\/3-150x150.jpg 150w, https:\/\/adconsolutions.ca\/wp-content\/uploads\/2025\/03\/3-700x700.jpg 700w, https:\/\/adconsolutions.ca\/wp-content\/uploads\/2025\/03\/3.jpg 1000w\" sizes=\"(max-width: 768px) 100vw, 768px\" \/>\t\t\t\t\t\t\t\t\t\t\t\t\t\t\t<\/div>\n\t\t\t\t<\/div>\n\t\t\t\t\t<\/div>\n\t\t\t\t<\/div>\n\t\t\t\t<\/div>","protected":false},"excerpt":{"rendered":"<p>\u00c0 propos Plus de 25 ans d&rsquo;exp\u00e9rience pour soutenir la croissancede votre entreprise Avec plus de 25 ans d&rsquo;exp\u00e9rience en administration, je suis bien plus qu&rsquo;une simple partenaire de croissance : je suis ici pour vous aider \u00e0 concr\u00e9tiser vos ambitions. Mon objectif? Vous offrir la tranquillit\u00e9 d\u2019esprit que votre entreprise progresse et atteigne son [&hellip;]<\/p>","protected":false},"author":1,"featured_media":0,"parent":0,"menu_order":0,"comment_status":"closed","ping_status":"closed","template":"elementor_header_footer","meta":{"footnotes":""},"class_list":["post-16","page","type-page","status-publish","hentry"],"_links":{"self":[{"href":"https:\/\/adconsolutions.ca\/en\/wp-json\/wp\/v2\/pages\/16","targetHints":{"allow":["GET"]}}],"collection":[{"href":"https:\/\/adconsolutions.ca\/en\/wp-json\/wp\/v2\/pages"}],"about":[{"href":"https:\/\/adconsolutions.ca\/en\/wp-json\/wp\/v2\/types\/page"}],"author":[{"embeddable":true,"href":"https:\/\/adconsolutions.ca\/en\/wp-json\/wp\/v2\/users\/1"}],"replies":[{"embeddable":true,"href":"https:\/\/adconsolutions.ca\/en\/wp-json\/wp\/v2\/comments?post=16"}],"version-history":[{"count":58,"href":"https:\/\/adconsolutions.ca\/en\/wp-json\/wp\/v2\/pages\/16\/revisions"}],"predecessor-version":[{"id":760,"href":"https:\/\/adconsolutions.ca\/en\/wp-json\/wp\/v2\/pages\/16\/revisions\/760"}],"wp:attachment":[{"href":"https:\/\/adconsolutions.ca\/en\/wp-json\/wp\/v2\/media?parent=16"}],"curies":[{"name":"wp","href":"https:\/\/api.w.org\/{rel}","templated":true}]}}